{"id":11,"date":"2016-07-20T16:59:46","date_gmt":"2016-07-20T16:59:46","guid":{"rendered":"http:\/\/demo.hashthemes.com\/total\/?page_id=11"},"modified":"2022-10-30T16:02:12","modified_gmt":"2022-10-30T16:02:12","slug":"rolunk","status":"publish","type":"page","link":"https:\/\/feelfolu.ro\/index.php\/rolunk\/","title":{"rendered":"R\u00f3lunk"},"content":{"rendered":"\t\t<div data-elementor-type=\"wp-page\" data-elementor-id=\"11\" class=\"elementor elementor-11\">\n\t\t\t\t\t\t<div class=\"elementor-inner\">\n\t\t\t\t<div class=\"elementor-section-wrap\">\n\t\t\t\t\t\t\t\t\t<section class=\"elementor-section elementor-top-section elementor-element elementor-element-c779461 elementor-section-content-middle elementor-section-stretched elementor-section-boxed elementor-section-height-default elementor-section-height-default\" data-id=\"c779461\" data-element_type=\"section\" data-settings=\"{&quot;stretch_section&quot;:&quot;section-stretched&quot;,&quot;background_background&quot;:&quot;classic&quot;}\">\n\t\t\t\t\t\t<div class=\"elementor-container elementor-column-gap-extended\">\n\t\t\t\t\t\t\t<div class=\"elementor-row\">\n\t\t\t\t\t<div class=\"elementor-column elementor-col-100 elementor-top-column elementor-element elementor-element-6057e02\" data-id=\"6057e02\" data-element_type=\"column\">\n\t\t\t<div class=\"elementor-column-wrap elementor-element-populated\">\n\t\t\t\t\t\t\t<div class=\"elementor-widget-wrap\">\n\t\t\t\t\t\t<div class=\"elementor-element elementor-element-aada2c1 elementor-widget elementor-widget-heading\" data-id=\"aada2c1\" data-element_type=\"widget\" data-widget_type=\"heading.default\">\n\t\t\t\t<div class=\"elementor-widget-container\">\n\t\t\t<style>\/*! elementor - v3.17.0 - 08-11-2023 *\/\n.elementor-heading-title{padding:0;margin:0;line-height:1}.elementor-widget-heading .elementor-heading-title[class*=elementor-size-]>a{color:inherit;font-size:inherit;line-height:inherit}.elementor-widget-heading .elementor-heading-title.elementor-size-small{font-size:15px}.elementor-widget-heading .elementor-heading-title.elementor-size-medium{font-size:19px}.elementor-widget-heading .elementor-heading-title.elementor-size-large{font-size:29px}.elementor-widget-heading .elementor-heading-title.elementor-size-xl{font-size:39px}.elementor-widget-heading .elementor-heading-title.elementor-size-xxl{font-size:59px}<\/style><h2 class=\"elementor-heading-title elementor-size-default\">Az egyes\u00fclet neve<\/h2>\t\t<\/div>\n\t\t\t\t<\/div>\n\t\t\t\t<div class=\"elementor-element elementor-element-620fe15 elementor-widget elementor-widget-text-editor\" data-id=\"620fe15\" data-element_type=\"widget\" data-widget_type=\"text-editor.default\">\n\t\t\t\t<div class=\"elementor-widget-container\">\n\t\t\t<style>\/*! elementor - v3.17.0 - 08-11-2023 *\/\n.elementor-widget-text-editor.elementor-drop-cap-view-stacked .elementor-drop-cap{background-color:#69727d;color:#fff}.elementor-widget-text-editor.elementor-drop-cap-view-framed .elementor-drop-cap{color:#69727d;border:3px solid;background-color:transparent}.elementor-widget-text-editor:not(.elementor-drop-cap-view-default) .elementor-drop-cap{margin-top:8px}.elementor-widget-text-editor:not(.elementor-drop-cap-view-default) .elementor-drop-cap-letter{width:1em;height:1em}.elementor-widget-text-editor .elementor-drop-cap{float:left;text-align:center;line-height:1;font-size:50px}.elementor-widget-text-editor .elementor-drop-cap-letter{display:inline-block}<\/style>\t\t\t\t\t<div class=\"elementor-text-editor elementor-clearfix\">\n\t\t\t\t<p>Az egyes\u00fclet a &#8222;Pro Feelfolu&#8221; nevet kapta, Marosfelfalu els\u0151 \u00edr\u00e1sos eml\u00edt\u00e9s\u00e9re hivatkozva. A &#8222;Feelfolu&#8221; megnevez\u00e9s el\u00e9 a latin &#8222;pro&#8221; (mellett) ker\u00fclt, \u00edgy a nemzetk\u00f6zileg is \u00e9rthet\u0151 &#8222;Marosfelfalu\u00e9rt&#8221; lett a neve.<\/p>\t\t\t\t\t<\/div>\n\t\t\t\t\t\t<\/div>\n\t\t\t\t<\/div>\n\t\t\t\t\t\t<\/div>\n\t\t\t\t\t<\/div>\n\t\t<\/div>\n\t\t\t\t\t\t\t\t<\/div>\n\t\t\t\t\t<\/div>\n\t\t<\/section>\n\t\t\t\t<section class=\"elementor-section elementor-top-section elementor-element elementor-element-15d67cc elementor-section-content-middle elementor-section-boxed elementor-section-height-default elementor-section-height-default\" data-id=\"15d67cc\" data-element_type=\"section\">\n\t\t\t\t\t\t<div class=\"elementor-container elementor-column-gap-wide\">\n\t\t\t\t\t\t\t<div class=\"elementor-row\">\n\t\t\t\t\t<div class=\"elementor-column elementor-col-50 elementor-top-column elementor-element elementor-element-22b30ee\" data-id=\"22b30ee\" data-element_type=\"column\">\n\t\t\t<div class=\"elementor-column-wrap elementor-element-populated\">\n\t\t\t\t\t\t\t<div class=\"elementor-widget-wrap\">\n\t\t\t\t\t\t<div class=\"elementor-element elementor-element-de22a1f elementor-widget elementor-widget-image\" data-id=\"de22a1f\" data-element_type=\"widget\" data-widget_type=\"image.default\">\n\t\t\t\t<div class=\"elementor-widget-container\">\n\t\t\t<style>\/*! elementor - v3.17.0 - 08-11-2023 *\/\n.elementor-widget-image{text-align:center}.elementor-widget-image a{display:inline-block}.elementor-widget-image a img[src$=\".svg\"]{width:48px}.elementor-widget-image img{vertical-align:middle;display:inline-block}<\/style>\t\t\t\t\t<div class=\"elementor-image\">\n\t\t\t\t\t\t\t\t\t\t\t\t<img loading=\"lazy\" decoding=\"async\" width=\"1200\" height=\"1113\" src=\"https:\/\/feelfolu.ro\/wp-content\/uploads\/2020\/02\/business-people-working.jpg\" class=\"attachment-full size-full wp-image-633\" alt=\"\" srcset=\"https:\/\/feelfolu.ro\/wp-content\/uploads\/2020\/02\/business-people-working.jpg 1200w, https:\/\/feelfolu.ro\/wp-content\/uploads\/2020\/02\/business-people-working-300x278.jpg 300w, https:\/\/feelfolu.ro\/wp-content\/uploads\/2020\/02\/business-people-working-1024x950.jpg 1024w, https:\/\/feelfolu.ro\/wp-content\/uploads\/2020\/02\/business-people-working-768x712.jpg 768w\" sizes=\"auto, (max-width: 1200px) 100vw, 1200px\" \/>\t\t\t\t\t\t\t\t\t\t\t\t\t\t<\/div>\n\t\t\t\t\t\t<\/div>\n\t\t\t\t<\/div>\n\t\t\t\t\t\t<\/div>\n\t\t\t\t\t<\/div>\n\t\t<\/div>\n\t\t\t\t<div class=\"elementor-column elementor-col-50 elementor-top-column elementor-element elementor-element-0388de6\" data-id=\"0388de6\" data-element_type=\"column\">\n\t\t\t<div class=\"elementor-column-wrap elementor-element-populated\">\n\t\t\t\t\t\t\t<div class=\"elementor-widget-wrap\">\n\t\t\t\t\t\t<div class=\"elementor-element elementor-element-d6c7e0f elementor-widget elementor-widget-heading\" data-id=\"d6c7e0f\" data-element_type=\"widget\" data-widget_type=\"heading.default\">\n\t\t\t\t<div class=\"elementor-widget-container\">\n\t\t\t<h2 class=\"elementor-heading-title elementor-size-default\">Az egyes\u00fclet c\u00e9lja<\/h2>\t\t<\/div>\n\t\t\t\t<\/div>\n\t\t\t\t<div class=\"elementor-element elementor-element-75e4add elementor-widget elementor-widget-text-editor\" data-id=\"75e4add\" data-element_type=\"widget\" data-widget_type=\"text-editor.default\">\n\t\t\t\t<div class=\"elementor-widget-container\">\n\t\t\t\t\t\t\t\t<div class=\"elementor-text-editor elementor-clearfix\">\n\t\t\t\t<p>A m\u0171k\u00f6d\u00e9si ter\u00fclet\u00e9n \u00f6sszefogja, szervezze a lakoss\u00e1g kultur\u00e1lis tev\u00e9kenys\u00e9g\u00e9t, mozg\u00f3s\u00edtson a k\u00f6z\u00f6ss\u00e9gi c\u00e9lok megval\u00f3s\u00edt\u00e1s\u00e1\u00e9rt, k\u00f6zrem\u0171k\u00f6dj\u00f6n a falu fejleszt\u00e9si feladatainak a megold\u00e1s\u00e1ban, v\u00e9lem\u00e9nyt form\u00e1ljon minden, a falu fejleszt\u00e9s\u00e9t \u00e9rint\u0151 k\u00e9rd\u00e9sben. \u00c1polja a falu hagyom\u00e1nyait, er\u0151s\u00edtse az itt \u00e9l\u0151 emberek k\u00f6z\u00f6tti kapcsolatokat, seg\u00edtse azok kialak\u00edt\u00e1s\u00e1t. E c\u00e9lok el\u00e9r\u00e9se \u00e9rdek\u00e9ben felv\u00e1llalja, hogy el\u0151ad\u00e1sokat, k\u00e9pz\u00e9seket \u00e9s tov\u00e1bbk\u00e9pz\u00e9seket, valamint vitaf\u00f3rumokat \u00e9s egy\u00e9b rendezv\u00e9nyeket szervez, gy\u0171jti a telep\u00fcl\u00e9sr\u00e9sz t\u00f6rt\u00e9net\u00e9re, n\u00e9prajz\u00e1ra vonatkoz\u00f3 adatokat, inform\u00e1ci\u00f3kat, kiadv\u00e1nyokat. Kapcsolatokat \u00e9p\u00edt ki \u00e9s tart fenn m\u00e1s civil szervezetekkel, gazd\u00e1lkod\u00f3 szervezetekkel, valamint egy\u00fcttm\u0171k\u00f6d\u00e9st alak\u00edt ki m\u00e1s m\u0171vel\u0151d\u00e9si int\u00e9zm\u00e9nyekkel.<\/p><p>E c\u00e9lok el\u00e9r\u00e9s\u00e9t szolg\u00e1l\u00f3 tev\u00e9kenys\u00e9g\u00e9t nyeres\u00e9g- \u00e9s vagyonszerz\u00e9si c\u00e9lkit\u0171z\u00e9s n\u00e9lk\u00fcl egyes\u00fclet form\u00e1j\u00e1ban v\u00e9gzi.<\/p>\t\t\t\t\t<\/div>\n\t\t\t\t\t\t<\/div>\n\t\t\t\t<\/div>\n\t\t\t\t\t\t<\/div>\n\t\t\t\t\t<\/div>\n\t\t<\/div>\n\t\t\t\t\t\t\t\t<\/div>\n\t\t\t\t\t<\/div>\n\t\t<\/section>\n\t\t\t\t<section class=\"elementor-section elementor-top-section elementor-element elementor-element-3798ff1 elementor-section-content-middle elementor-section-stretched elementor-section-boxed elementor-section-height-default elementor-section-height-default\" data-id=\"3798ff1\" data-element_type=\"section\" data-settings=\"{&quot;stretch_section&quot;:&quot;section-stretched&quot;,&quot;background_background&quot;:&quot;classic&quot;}\">\n\t\t\t\t\t\t<div class=\"elementor-container elementor-column-gap-extended\">\n\t\t\t\t\t\t\t<div class=\"elementor-row\">\n\t\t\t\t\t<div class=\"elementor-column elementor-col-100 elementor-top-column elementor-element elementor-element-a6a50b9\" data-id=\"a6a50b9\" data-element_type=\"column\">\n\t\t\t<div class=\"elementor-column-wrap elementor-element-populated\">\n\t\t\t\t\t\t\t<div class=\"elementor-widget-wrap\">\n\t\t\t\t\t\t<div class=\"elementor-element elementor-element-c4d5c42 elementor-widget elementor-widget-heading\" data-id=\"c4d5c42\" data-element_type=\"widget\" data-widget_type=\"heading.default\">\n\t\t\t\t<div class=\"elementor-widget-container\">\n\t\t\t<h2 class=\"elementor-heading-title elementor-size-default\">Az egyes\u00fclet feladatai<\/h2>\t\t<\/div>\n\t\t\t\t<\/div>\n\t\t\t\t<div class=\"elementor-element elementor-element-1050ae5 elementor-widget elementor-widget-text-editor\" data-id=\"1050ae5\" data-element_type=\"widget\" data-widget_type=\"text-editor.default\">\n\t\t\t\t<div class=\"elementor-widget-container\">\n\t\t\t\t\t\t\t\t<div class=\"elementor-text-editor elementor-clearfix\">\n\t\t\t\t<ul class=\"list-unstyled li-space-lg indent\"><li class=\"media\"><div class=\"media-body\">A lakoss\u00e1got k\u00f6zhaszn\u00fa inform\u00e1ci\u00f3kkal ell\u00e1tni;<\/div><\/li><li class=\"media\"><div class=\"media-body\">lehet\u0151s\u00e9geihez k\u00e9pest anyagi \u00e9s erk\u00f6lcsi eszk\u00f6z\u00f6kkel t\u00e1mogatni k\u00f6zhaszn\u00fa rendezv\u00e9nyeket, valamint programokat;<\/div><\/li><li class=\"media\"><div class=\"media-body\">c\u00e9ljainak megfelel\u0151, f\u0151k\u00e9nt nonprofit szolg\u00e1ltat\u00e1sokat kialak\u00edtani;<\/div><\/li><li class=\"media\"><div class=\"media-body\">ig\u00e9ny szerint integr\u00e1lni a helyi \u00f6nk\u00e9ntes szervez\u0151d\u00e9seket;<\/div><\/li><li class=\"media\"><div class=\"media-body\">a c\u00e9lok megval\u00f3s\u00edt\u00e1sa \u00e9rdek\u00e9ben p\u00e1ly\u00e1zatokat beny\u00fajtani az azokat ki\u00edr\u00f3 szervezetekhez;<\/div><\/li><li class=\"media\"><div class=\"media-body\">v\u00e1llalkoz\u00e1si tev\u00e9kenys\u00e9get folytatni vagy v\u00e1llalkoz\u00e1sban r\u00e9szt venni alapvet\u0151 c\u00e9ljai megval\u00f3s\u00edt\u00e1sa \u00e9rdek\u00e9ben, valamint a v\u00e1llalkoz\u00e1si tev\u00e9kenys\u00e9g eredm\u00e9ny\u00e9t alapc\u00e9ljaira felhaszn\u00e1lni;<\/div><\/li><li class=\"media\"><div class=\"media-body\">kapcsolatot ki\u00e9p\u00edteni, illetve egy\u00fcttm\u0171k\u00f6dni m\u00e1s civil, \u00f6nkorm\u00e1nyzati \u00e9s gazd\u00e1lkod\u00f3 szervezetekkel helyi, orsz\u00e1gos \u00e9s nemzetk\u00f6zi szinten.<\/div><\/li><\/ul><p>Az egyes\u00fclet c\u00e9ljai megval\u00f3s\u00edt\u00e1sa \u00e9rdek\u00e9ben k\u00f6zhaszn\u00fa szolg\u00e1ltat\u00e1sait nem csup\u00e1n tagjai, hanem valamennyi term\u00e9szetes \u00e9s jogi szem\u00e9ly, tov\u00e1bb\u00e1 m\u00e1s gazd\u00e1lkod\u00f3 egys\u00e9g r\u00e9sz\u00e9re is ny\u00fajtja.<\/p><p>Az egyes\u00fclet m\u0171k\u00f6d\u00e9s\u00e9nek, szolg\u00e1ltat\u00e1sainak \u00e9s besz\u00e1mol\u00f3inak nyilv\u00e1noss\u00e1g\u00e1t internetes honlapon biztos\u00edtja.<\/p><p>Az egyes\u00fclet, mint k\u00f6zhaszn\u00fa szervezet gazdas\u00e1gi-v\u00e1llalkoz\u00e1si tev\u00e9kenys\u00e9get csak k\u00f6zhaszn\u00fa vagy az alapszab\u00e1lyban meghat\u00e1rozott alapc\u00e9l szerinti tev\u00e9kenys\u00e9g megval\u00f3s\u00edt\u00e1s\u00e1t nem vesz\u00e9lyeztetve v\u00e9gezhet.<\/p><p>Az egyes\u00fclet k\u00f6zvetlen politikai tev\u00e9kenys\u00e9get nem folytathat, szervezete p\u00e1rtokt\u00f3l f\u00fcggetlen \u00e9s azoknak anyagi t\u00e1mogat\u00e1st nem ny\u00fajthat. Orsz\u00e1ggy\u0171l\u00e9si \u00e9s \u00f6nkorm\u00e1nyzati k\u00e9pvisel\u0151jel\u00f6ltet nem \u00e1ll\u00edthat \u00e9s nem t\u00e1mogathat.<\/p>\t\t\t\t\t<\/div>\n\t\t\t\t\t\t<\/div>\n\t\t\t\t<\/div>\n\t\t\t\t\t\t<\/div>\n\t\t\t\t\t<\/div>\n\t\t<\/div>\n\t\t\t\t\t\t\t\t<\/div>\n\t\t\t\t\t<\/div>\n\t\t<\/section>\n\t\t\t\t<section class=\"elementor-section elementor-top-section elementor-element elementor-element-87a167d elementor-section-content-middle elementor-section-stretched elementor-section-boxed elementor-section-height-default elementor-section-height-default\" data-id=\"87a167d\" data-element_type=\"section\" data-settings=\"{&quot;background_background&quot;:&quot;classic&quot;,&quot;stretch_section&quot;:&quot;section-stretched&quot;}\">\n\t\t\t\t\t\t\t<div class=\"elementor-background-overlay\"><\/div>\n\t\t\t\t\t\t\t<div class=\"elementor-container elementor-column-gap-default\">\n\t\t\t\t\t\t\t<div class=\"elementor-row\">\n\t\t\t\t\t<div class=\"elementor-column elementor-col-100 elementor-top-column elementor-element elementor-element-0de8eff\" data-id=\"0de8eff\" data-element_type=\"column\">\n\t\t\t<div class=\"elementor-column-wrap elementor-element-populated\">\n\t\t\t\t\t\t\t<div class=\"elementor-widget-wrap\">\n\t\t\t\t\t\t<div class=\"elementor-element elementor-element-ee01808 elementor-widget elementor-widget-heading\" data-id=\"ee01808\" data-element_type=\"widget\" data-widget_type=\"heading.default\">\n\t\t\t\t<div class=\"elementor-widget-container\">\n\t\t\t<h2 class=\"elementor-heading-title elementor-size-default\">Vagyunk \u00e9s tesz\u00fcnk a k\u00f6z\u00f6ss\u00e9g\u00e9rt.<\/h2>\t\t<\/div>\n\t\t\t\t<\/div>\n\t\t\t\t<div class=\"elementor-element elementor-element-d745cf1 elementor-widget elementor-widget-text-editor\" data-id=\"d745cf1\" data-element_type=\"widget\" data-widget_type=\"text-editor.default\">\n\t\t\t\t<div class=\"elementor-widget-container\">\n\t\t\t\t\t\t\t\t<div class=\"elementor-text-editor elementor-clearfix\">\n\t\t\t\t<p>Az egyes\u00fclet, mint k\u00f6zhaszn\u00fa szervezet m\u0171k\u00f6d\u00e9se nyilv\u00e1nos, szolg\u00e1ltat\u00e1sait b\u00e1rki megk\u00f6t\u00e9s n\u00e9lk\u00fcl ig\u00e9nybe veheti.<\/p>\t\t\t\t\t<\/div>\n\t\t\t\t\t\t<\/div>\n\t\t\t\t<\/div>\n\t\t\t\t\t\t<\/div>\n\t\t\t\t\t<\/div>\n\t\t<\/div>\n\t\t\t\t\t\t\t\t<\/div>\n\t\t\t\t\t<\/div>\n\t\t<\/section>\n\t\t\t\t\t\t\t\t\t<\/div>\n\t\t\t<\/div>\n\t\t\t\t\t<\/div>\n\t\t","protected":false},"excerpt":{"rendered":"<p>A technol\u00f3gia nagyon h\u00e1tt\u00e9rbe szor\u00edtotta a k\u00f6z\u00f6ss\u00e9gi tev\u00e9kenys\u00e9geket \u00e9s azokkal egy\u00fctt a k\u00f6z\u00f6ss\u00e9gi \u00e9letet. Ezen elm\u00e9lkedve eld\u00f6nt\u00f6tt\u00fck, hogy tesz\u00fcnk a k\u00f6z\u00f6ss\u00e9g\u00e9rt a jelen eszk\u00f6zeivel. Ezt egy egyes\u00fcleten kereszt\u00fcl szeretn\u00e9nk v\u00e9ghezvinni.<\/p>\n","protected":false},"author":1,"featured_media":0,"parent":0,"menu_order":0,"comment_status":"closed","ping_status":"closed","template":"","meta":{"footnotes":""},"class_list":["post-11","page","type-page","status-publish","hentry"],"_links":{"self":[{"href":"https:\/\/feelfolu.ro\/index.php\/wp-json\/wp\/v2\/pages\/11","targetHints":{"allow":["GET"]}}],"collection":[{"href":"https:\/\/feelfolu.ro\/index.php\/wp-json\/wp\/v2\/pages"}],"about":[{"href":"https:\/\/feelfolu.ro\/index.php\/wp-json\/wp\/v2\/types\/page"}],"author":[{"embeddable":true,"href":"https:\/\/feelfolu.ro\/index.php\/wp-json\/wp\/v2\/users\/1"}],"replies":[{"embeddable":true,"href":"https:\/\/feelfolu.ro\/index.php\/wp-json\/wp\/v2\/comments?post=11"}],"version-history":[{"count":28,"href":"https:\/\/feelfolu.ro\/index.php\/wp-json\/wp\/v2\/pages\/11\/revisions"}],"predecessor-version":[{"id":1562,"href":"https:\/\/feelfolu.ro\/index.php\/wp-json\/wp\/v2\/pages\/11\/revisions\/1562"}],"wp:attachment":[{"href":"https:\/\/feelfolu.ro\/index.php\/wp-json\/wp\/v2\/media?parent=11"}],"curies":[{"name":"wp","href":"https:\/\/api.w.org\/{rel}","templated":true}]}}